{"id":13,"date":"2021-01-26T19:27:49","date_gmt":"2021-01-26T19:27:49","guid":{"rendered":"http:\/\/genetyka-lesna.pl\/?page_id=13"},"modified":"2025-05-10T08:30:50","modified_gmt":"2025-05-10T08:30:50","slug":"o-nas","status":"publish","type":"page","link":"https:\/\/genetyka-lesna.pl\/index.php\/o-nas\/","title":{"rendered":"O mnie"},"content":{"rendered":"\n<h3 class=\"wp-block-heading\">Jan Kowalczyk<\/h3>\n\n\n\n<figure class=\"wp-block-image size-full\"><img loading=\"lazy\" decoding=\"async\" width=\"584\" height=\"727\" src=\"https:\/\/genetyka-lesna.pl\/wp-content\/uploads\/2025\/05\/IMG_1801-2.jpeg\" alt=\"\" class=\"wp-image-57\" srcset=\"https:\/\/genetyka-lesna.pl\/wp-content\/uploads\/2025\/05\/IMG_1801-2.jpeg 584w, https:\/\/genetyka-lesna.pl\/wp-content\/uploads\/2025\/05\/IMG_1801-2-241x300.jpeg 241w\" sizes=\"auto, (max-width: 584px) 100vw, 584px\" \/><\/figure>\n\n\n\n<p>Instytut Badawczy Le\u015bnictwa<\/p>\n\n\n\n<h3 class=\"wp-block-heading\">EDUKACJA I STOPNIE NAUKOWE<\/h3>\n\n\n\n<p><strong>1992<\/strong>&nbsp;&#8211; uzyskanie tytu\u0142u magistra in\u017cyniera le\u015bnictwa na Wydziale Le\u015bnym SGGW w Warszawie.<br><strong>1999<\/strong>&nbsp;&#8211; uzyskanie stopnia doktora nauk le\u015bnych na Wydziale Le\u015bnym SGGW w Warszawie.<br><strong>2014<\/strong>&nbsp;\u2013 uzyskanie tytu\u0142u doktora habilitowanego nauk le\u015bnych &#8211; Instytut Badawczy Le\u015bnictwa, Polska.&nbsp;Rozprawa habilitacyjna&nbsp;pt. \u201eMi\u0119dzypokoleniowa zmienno\u015b\u0107 struktury genetycznej wybranych drzewostan\u00f3w sosny zwyczajnej (Pinus sylvestris L.).<\/p>\n\n\n\n<h3 class=\"wp-block-heading\">STA\u017b NAUKOWY<\/h3>\n\n\n\n<p><strong>2000 &#8211;<\/strong>&nbsp;Genetyka cech ilo\u015bciowych, \u201eAdvanced Training in Forest Gene Resource Management\u201d &#8211; Wydzia\u0142 Le\u015bny Uniwersytetu Kolumbii Brytyjskiej, Vancouver, Kanada.<\/p>\n\n\n\n<h3 class=\"wp-block-heading\">ZAINTERESOWANIA NAUKOWE<\/h3>\n\n\n\n<ul class=\"wp-block-list\">\n<li>Genetyka cech ilo\u015bciowych.<\/li>\n\n\n\n<li>Plantacje nasienne.<\/li>\n\n\n\n<li>Zmienno\u015b\u0107 populacyjna i rodowa sosny zwyczajnej.<\/li>\n<\/ul>\n\n\n\n<h3 class=\"wp-block-heading\">WYBRANE PUBLIKACJE NAUKOWE<\/h3>\n\n\n\n<p>Matisons, Roberts, Didzis Elferts, Oskars Kri\u0161\u0101ns, Volker Schneck, Holger G\u00e4rtner, Alexander Bast, Tomasz Wojda, Jan Kowalczyk, i \u0100ris Jansons. 2021. Non-Linear Regional Weather-Growth Relationships Indicate Limited Adaptability of the Eastern Baltic Scots Pine. Forest Ecology and Management 479 (stycze\u0144): 118600. https:\/\/doi.org\/10.1016\/j.foreco.2020.118600.<\/p>\n\n\n\n<p>Kowalczyk, J., &nbsp;Wojda, T. (2019). Wyniki 35-letniego do\u015bwiadczenia proweniencyjnego z sosn\u0105 zwyczajn\u0105 z serii IUFRO 1982 na powierzchniach w Wyszkowie i S\u0119kocinie. Sylwan, 163(07).<\/p>\n\n\n\n<p>Klisz, M., Pucha\u0142ka, R., Wilczy\u0144ski, S., Kantorowicz, W., Jab\u0142o\u0144ski, T., &nbsp;Kowalczyk, J. 2019. The Effect of Insect Defoliations and Seed Production on the Dynamics of Radial Growth Synchrony among Scots Pine Pinus sylvestris L. Provenances. Forests, 10(10), 934.<\/p>\n\n\n\n<p>Wojkiewicz, B., Zukowska, W. B., Urbaniak, L., Kowlaczyk, J., Litkowiec, M., &amp; Lewandowski, A. 2019. Okre\u015blenie pochodzenia wy\u0142\u0105czonych drzewostan\u00f3w nasiennych sosny rychtalskiej (Pinus sylvestris L.) z wykorzystaniem marker\u00f3w mikrosatelitarnych. Sylwan, 163(08).<\/p>\n\n\n\n<p>Przybylski, P., Kowalczyk, J., Odrzykoski, I., Matras, J. 2019. Identyfing alien genotypes and their consequences for genetic variationin clonal seed orchards of Pinus sylvestris L. \u2013 Dendrobiology 81, 40\u201346.<\/p>\n\n\n\n<p>Kowalczyk J, Rzo\u0144ca &nbsp;M. 2018. Plantacje nasienne drzew le\u015bnych w Polsce. Studia Ecologiae et Bioethicalae. 16,3\u0141 53-61<\/p>\n\n\n\n<p>Chmura, D.J., Matras, J., Barzdajn, W.,Buraczyk, W., Kowalkowski, W.,Kowalczyk, J. 2018. Variation in growth of Norway spruce in the IUFRO 1972 provenance experimental series. \u2013 Silvae Genetica 67, 26\u201333.<\/p>\n\n\n\n<p>Lewandowski, A., Kowalczyk, J. Litkowiec, M., Urbaniak, L., Rzo\u0144ca, M. (2017): Selection of elite plus trees of Scots pine and European larch for the establishment of 1.5 generation seed orchards. \u2013 Sylwan 161.<\/p>\n\n\n\n<p>Kowalewski, D., Skrzyszewska, K., Kowalczyk, J. (2017): Zmienno\u015b\u0107 wybranych cech jako\u015bciowych pochodze\u0144 sosny zwyczajnej (Pinus sylvestris L.) na powierzchni testuj\u0105cej w Nadle\u015bnictwie Ruda Maleniecka. \u2013 Acta Agraria et Silvestrai Series Silvestris LV, 65\u201380.<\/p>\n\n\n\n<p>Klisz, M., Jastrz\u0119bowski, S., Chojnacka-O\u017cga, L., Kowalczyk, J. 2015. Radial growth variation between four provenances of Norway spruce in the conditions of central Poland. \u2013 Forest Research Papers 76, 59\u201365.<\/p>\n\n\n\n<p>Konnert, M., Fady, B., G\u00f6m\u00f6ry, D., A\u2019Hara, S., Wolter, F., Ducci, F., Koskela,<br>J., Bozzano, M., Maaten, T. and Kowalczyk, J. European Forest Genetic Resources Programme&nbsp;(EUFORGEN). 2015. Use and transfer of forest reproductive material in Europe in the context&nbsp;of climate change. European Forest Genetic Resources Programme (EUFORGEN), Bioversity&nbsp;International, Rome, Italy. xvi and 75 p<\/p>\n\n\n\n<p>Kowalczyk J. 2013. Mi\u0119dzypokoleniowa zmienno\u015b\u0107 struktury genetycznej wybranych drzewostan\u00f3w sosny zwyczajnej (Pinus sylvestris L.). Prace Instytutu Badawczego Le\u015bnictwa Rozprawy i Monografie 19, str. 136.<\/p>\n\n\n\n<p>Jansson, G., Danusevi\u010dius, D., Grotehusman, H., Kowalczyk, J., Krajmerova, D., Skr\u00f8ppa, T., Wolf, H. 2013. Norway Spruce (Picea abies (L.) H. Karst.). W: Forest Tree Breeding in Europe red. Paques L., Springer Netherlands., 123-176, ISBN 1568-1319<\/p>\n\n\n\n<p>Wojda, T., Niemczyk, M., Kowalczyk, J. 2012. Proweniencyjno \u2212 rodowa zmienno\u015b\u0107 terminu wiosennego rozwoju p\u0105k\u00f3w brzozy brodawkowatej ( Betula pendula Roth ). Sylwan. 156, 197\u2013207.<\/p>\n\n\n\n<p>Cha\u0142upka, W., Matras, J., Barzdajn, W. Blonkowski, S., Burczyk J., Fonder, W., Gr\u0105dzki, T. Gryz\u0142o, Z., Kacprzak, P., Kowalczyk, J., Kozio\u0142, C., Pytko, T., Rzo\u0144ca, Z. Sabor, J., Szel\u0105g, Z., Tarasiuk, S. 2011. Program zachowania le\u015bnych zasob\u00f3w genowych i hodowli selekcyjnej drzew le\u015bnych w Polsce na lata 2011-2035. 142 pp. ISBN 978-83-61633-60-0. Centrum Informatyczne Las\u00f3w Pa\u0144stwowych, Warszawa.<\/p>\n\n\n\n<p>Kowalczyk J., Neyko I. 2011. Warto\u015b\u0107 hodowlana wyselekcjonowanych rod\u00f3w modrzewia europejskiego (Larix decidua Mill.) z pochodzenia sudeckiego na przyk\u0142adzie powierzchni do\u015bwiadczalnej w Zwierzy\u0144cu Lubelskim. Le\u015bne Prace Badawcze, 72, 3: 213-224<\/p>\n\n\n\n<p>Kowalczyk J., Markiewicz P., Matras, J. 2009. Intra-population variability of Picea abies from Zwierzyniec Lubelski and Blizyn (Poland). Dendrobiology, 61, 69\u201377<\/p>\n\n\n\n<p>Su\u0142kowska M., Kowalczyk J., Przybylski, P. 2008. Zmienno\u015b\u0107 genetyczna i ekotypowa buka zwyczajnego ( Fagus sylvatica L .) w Polsce. Le\u015bne Prace Badawcze, 69, 133\u2013142<\/p>\n\n\n\n<p>Kowalczyk J. 2007.&nbsp;Combining production of improved seeds with genetic testing in seedling seed orchards. In Lindgren D (editor). Proceedings of a Seed Orchard Conference, Ume\u00e5, 26-28 September,  126-134.<\/p>\n\n\n\n<p>Kowalczyk J., Filipovics M. 2007. Wp\u0142yw r\u00f3\u017cnych wariant\u00f3w selekcji indeksowej na zmienno\u015b\u0107 genetyczn\u0105 i zysk genetyczny populacji hodowlanej sosny zwyczajnej. Le\u015bne Prace Badawcze, 4: 107-123.<\/p>\n\n\n\n<p>Kowalczyk J. 2005,&nbsp;Comparison of phenotypic and genetic selections in Scots pine (Pinus&nbsp;sylvestris&nbsp;L.) single tree plot half-sib progeny tests . Dendrobiology,  53: 45-56.<\/p>\n\n\n\n<p>Kowalczyk J., Gout R. 2005,&nbsp;Wp\u0142yw wielko\u015bci pr\u00f3by na dok\u0142adno\u015b\u0107 oceny warto\u015bci hodowlanej rod\u00f3w z wolnego zapylenia w do\u015bwiadczeniach testuj\u0105cych. Le\u015bne Prace Badawcze,  3: 39-50.<\/p>\n\n\n\n<p>Kowalczyk J. 2002,&nbsp;Analysis of accuracy of phenotypic selections based on European larch half-sib progeny test results. W: Improvement of larch (Larix&nbsp;sp.) for better growth, stem form and wood quality. Proceedings of an International Symposium Gap (Hautes-Alp es) &#8211; Auvergne and Limousin, September 16-21. 95-103.<\/p>\n\n\n\n<p>Szczygie\u0142 K., Kowalczyk J. 2001.&nbsp;Somatic embriogenesis of Silver fir (Abies alba&nbsp;Mill.) &#8211; Polish provenances. Proceedings of the Forth International Symposium on In Vitro Culture and Horticultural Breeding. Acta Horticulturae, 2001, 560: 509-512.<\/p>\n\n\n\n<p>Janson L., Kowalczyk J. 2000.&nbsp;Charakterystyka wzrostu i cech jako\u015bciowych rod\u00f3w powsta\u0142ych z kontrolowanego krzy\u017cowania Populus tremula (L.) i Populus tremuloides (Mchx.) na powierzchni do\u015bwiadczalnej Nadle\u015bnictwa Gr\u00f3jec. Prace IBL, 2000, 2: 3-44.<\/p>\n\n\n\n<p>Kowalczyk J. 2000.Wzrost i rozw\u00f3j modrzewia europejskiego (Larix decidua Mill.) z Sudet\u00f3w i Alp na powierzchni w Lubawce. Le\u015bny Bank Gen\u00f3w Kostrzyca. Zeszyt nr 2, 145-163.<\/p>\n\n\n\n<p>Kowalczyk J., Matras J. 1999:&nbsp;Wyniki do\u015bwiadczenia proweniencyjnego z modrzewiem europejskim (Larix decidua&nbsp;Mill.). Sylwan,  143(3): 43-59.<\/p>\n\n\n\n<p>Kowalczyk J., Dobrzy\u0144ski M. 1996.&nbsp;D\u0142ugookresowe obserwacje wzrostu i formy modrzewia europejskiego (Larix decidua&nbsp;Mill.) na powierzchni do\u015bwiadczalnej w Rogowie. Sylwan, 1996, 140(11): 33-44.<\/p>\n\n\n\n<p>Janson L., Kowalczyk J.1995&nbsp;Wyselekcjonowane klony topoli sekcji&nbsp;Leuce&nbsp;do uprawy plantacyjnej na gruntach porolnych. W: Las-Drewno-Ekologia&#8217;95. Pozna\u0144,  78-81.<\/p>\n\n\n\n<figure class=\"wp-block-table\"><table><tbody><tr><td><\/td><\/tr><\/tbody><\/table><\/figure>\n","protected":false},"excerpt":{"rendered":"<p>Jan Kowalczyk Instytut Badawczy Le\u015bnictwa EDUKACJA I STOPNIE NAUKOWE 1992&nbsp;&#8211; uzyskanie tytu\u0142u magistra in\u017cyniera le\u015bnictwa na Wydziale Le\u015bnym SGGW w Warszawie.1999&nbsp;&#8211; uzyskanie stopnia doktora nauk le\u015bnych na Wydziale Le\u015bnym SGGW w Warszawie.2014&nbsp;\u2013 uzyskanie tytu\u0142u doktora habilitowanego nauk le\u015bnych &#8211; Instytut Badawczy Le\u015bnictwa, Polska.&nbsp;Rozprawa habilitacyjna&nbsp;pt. \u201eMi\u0119dzypokoleniowa zmienno\u015b\u0107 struktury genetycznej wybranych drzewostan\u00f3w sosny zwyczajnej (Pinus sylvestris L.). [&hellip;]<\/p>\n","protected":false},"author":1,"featured_media":0,"parent":0,"menu_order":0,"comment_status":"closed","ping_status":"closed","template":"","meta":{"footnotes":""},"class_list":["post-13","page","type-page","status-publish","hentry","missing-thumbnail"],"_links":{"self":[{"href":"https:\/\/genetyka-lesna.pl\/index.php\/wp-json\/wp\/v2\/pages\/13","targetHints":{"allow":["GET"]}}],"collection":[{"href":"https:\/\/genetyka-lesna.pl\/index.php\/wp-json\/wp\/v2\/pages"}],"about":[{"href":"https:\/\/genetyka-lesna.pl\/index.php\/wp-json\/wp\/v2\/types\/page"}],"author":[{"embeddable":true,"href":"https:\/\/genetyka-lesna.pl\/index.php\/wp-json\/wp\/v2\/users\/1"}],"replies":[{"embeddable":true,"href":"https:\/\/genetyka-lesna.pl\/index.php\/wp-json\/wp\/v2\/comments?post=13"}],"version-history":[{"count":8,"href":"https:\/\/genetyka-lesna.pl\/index.php\/wp-json\/wp\/v2\/pages\/13\/revisions"}],"predecessor-version":[{"id":64,"href":"https:\/\/genetyka-lesna.pl\/index.php\/wp-json\/wp\/v2\/pages\/13\/revisions\/64"}],"wp:attachment":[{"href":"https:\/\/genetyka-lesna.pl\/index.php\/wp-json\/wp\/v2\/media?parent=13"}],"curies":[{"name":"wp","href":"https:\/\/api.w.org\/{rel}","templated":true}]}}